{"id":9,"date":"2007-02-17T18:14:26","date_gmt":"2007-02-17T17:14:26","guid":{"rendered":"http:\/\/www.verkehrsrecht-professionell.de\/?page_id=9"},"modified":"2009-06-29T21:37:13","modified_gmt":"2009-06-29T19:37:13","slug":"sie-brauchen-beratung","status":"publish","type":"page","link":"https:\/\/www.verkehrsrecht-professionell.de\/?page_id=9","title":{"rendered":"Sie brauchen Beratung?"},"content":{"rendered":"<p>Falls Sie verkehrsrechtliche Beratung brauchen, stehe ich Ihnen gerne zur Verf\u00fcgung. Bitte rufen Sie meine Praxis an und lassen Sie sich einen Termin geben. (Telefon: 0203 77 27 97)<br \/>\nBitte hinterlassen Sie bei dem Gespr\u00e4ch mit meinem Sekretariat Ihre Telefonnummer. Wir bem\u00fchen uns, alle neuen Mandanten vor dem Termin anzurufen, um die Erwartungen des Mandanten abzukl\u00e4ren, festzustellen, welche Unterlagen ben\u00f6tigt werden etc.<br \/>\nIch berechne die <strong>Kosten einer au\u00dfergerichtlichen Erstberatung<\/strong> nach dem zeitlichem Aufwand. Pro angefangene Viertelstunde berechne ich Ihnen 25,00 \u20ac einschlie\u00dflich Mehrwertsteuer.<br \/>\nDie Ihnen entstehenden Kosten richten sich also allein nach dem zeitlichen Aufwand und nicht nach irgendwelchen Faktoren wie dem Streitwert, den Sie weder \u00fcberblicken noch beeinflussen k\u00f6nnen.<br \/>\nDas Angebot ist gedacht f\u00fcr eine intensive Besprechung und Beratung.<br \/>\nWenn Sie sich erst einmal orientieren wollen, empfehlen wir unseren <strong>Dienstleistungsabend<\/strong>.<\/p>\n","protected":false},"excerpt":{"rendered":"<p>Falls Sie verkehrsrechtliche Beratung brauchen, stehe ich Ihnen gerne zur Verf\u00fcgung. Bitte rufen Sie meine Praxis an und lassen Sie sich einen Termin geben. (Telefon: 0203 77 27 97) Bitte hinterlassen Sie bei dem Gespr\u00e4ch mit meinem Sekretariat Ihre Telefonnummer. Wir bem\u00fchen uns, alle neuen Mandanten vor dem Termin anzurufen, um die Erwartungen des Mandanten [&hellip;]<\/p>\n","protected":false},"author":1,"featured_media":0,"parent":0,"menu_order":0,"comment_status":"open","ping_status":"open","template":"","meta":{"footnotes":""},"class_list":["post-9","page","type-page","status-publish","hentry"],"aioseo_notices":[],"_links":{"self":[{"href":"https:\/\/www.verkehrsrecht-professionell.de\/index.php?rest_route=\/wp\/v2\/pages\/9","targetHints":{"allow":["GET"]}}],"collection":[{"href":"https:\/\/www.verkehrsrecht-professionell.de\/index.php?rest_route=\/wp\/v2\/pages"}],"about":[{"href":"https:\/\/www.verkehrsrecht-professionell.de\/index.php?rest_route=\/wp\/v2\/types\/page"}],"author":[{"embeddable":true,"href":"https:\/\/www.verkehrsrecht-professionell.de\/index.php?rest_route=\/wp\/v2\/users\/1"}],"replies":[{"embeddable":true,"href":"https:\/\/www.verkehrsrecht-professionell.de\/index.php?rest_route=%2Fwp%2Fv2%2Fcomments&post=9"}],"version-history":[{"count":1,"href":"https:\/\/www.verkehrsrecht-professionell.de\/index.php?rest_route=\/wp\/v2\/pages\/9\/revisions"}],"predecessor-version":[{"id":65,"href":"https:\/\/www.verkehrsrecht-professionell.de\/index.php?rest_route=\/wp\/v2\/pages\/9\/revisions\/65"}],"wp:attachment":[{"href":"https:\/\/www.verkehrsrecht-professionell.de\/index.php?rest_route=%2Fwp%2Fv2%2Fmedia&parent=9"}],"curies":[{"name":"wp","href":"https:\/\/api.w.org\/{rel}","templated":true}]}}