{"id":4,"date":"2007-02-12T12:08:52","date_gmt":"2007-02-12T12:08:52","guid":{"rendered":"http:\/\/www.verkehrsrecht-professionell.de\/?page_id=4"},"modified":"2025-08-13T18:49:21","modified_gmt":"2025-08-13T16:49:21","slug":"about","status":"publish","type":"page","link":"https:\/\/www.verkehrsrecht-professionell.de\/?page_id=4","title":{"rendered":"Impressum"},"content":{"rendered":"<p class=\"entrybody\">Verantwortlich: Rechtsanwalt Stefan Nolte, 47055 Duisburg, Im Schlenk 36;<br \/>\nTelefon: 0203 77 27 97 \/ Telefax: 0203 77 59 02<\/p>\n<p>Ich bin Mitglied der Rechtsanwaltskammer D\u00fcsseldorf,<br \/>\nK\u00f6rperschaft des \u00f6ffentlichen Rechts<br \/>\nFreiligrathstra\u00dfe 25<br \/>\n40479 D\u00fcsseldorf.<br \/>\nDie gesetzliche Berufsbezeichnung lautet: Rechtsanwalt in der Bundesrepublik Deutschland.<\/p>\n<p>Die f\u00fcr mich ma\u00dfgeblichen berufsrechtlichen Regelungen finden Sie unter <a href=\"http:\/\/%20www.brak.de\/\">www.brak.de <\/a> in der Rubrik \u201eAngaben gem\u00e4\u00df \u00a7 6 TDG\u201c. F\u00fcr Rechtsanw\u00e4lte gelten folgende berufsrechtliche Regelungen, deren Inhalt unter der Rubrik &#8222;Informationspflichten gem\u00e4\u00df \u00a7 5 TMG&#8220; auf der Homepage der Bundesrechtsanwaltskammer unter der Rubrik \u201eBerufsrecht\u201c zu finden ist:<\/p>\n<p>Berufsordnung f\u00fcr Rechtsanw\u00e4lte (BORA)<\/p>\n<p>Bundesrechtsanwaltsordnung (BRAO)<\/p>\n<p>Fachanwaltsordnung (FAO)<\/p>\n<p>Berufsregeln der Rechtsanw\u00e4lte der Europ\u00e4ischen Gemeinschaft (CCBE)<\/p>\n<p>Gesetz \u00fcber die T\u00e4tigkeit europ\u00e4ischer Rechtsanw\u00e4lte in Deutschland (EuRAG)<\/p>\n<p>Gesetz \u00fcber die Verg\u00fctung der Rechtsanw\u00e4ltinnen und Rechtsanw\u00e4lte (RVG)<\/p>\n<p>Berufsrechtliche Erg\u00e4nzungen zum Geldw\u00e4schebek\u00e4mpfungsgesetz (GwG)<\/p>\n<p>Dienstleistungs-Informationspflichten-Verordnung (DL-InfoV)<\/p>\n<p>Die Berufshaftpflichtversicherung besteht \u00fcber die Gothaer Allgemeine Versicherung AG, Gothaer Allee 1, 50969 K\u00f6ln<\/p>\n<p>AU\u00dfERGERICHTLICHE STREITSCHLICHTUNG<\/p>\n<p>Bei Streitigkeiten zwischen Rechtsanw\u00e4lten und ihren Auftraggebern besteht auf Antrag die M\u00f6glichkeit der au\u00dfergerichtlichen Streitschlichtung bei der Rechtsanwaltskammer f\u00fcr den Oberlandesgerichtsbezirk D\u00fcsseldorf oder bei der Schlichtungsstelle der Rechtsanwaltschaft bei der Bundesrechtsanwaltskammer, im Internet zu finden \u00fcber die Homepage der Bundesrechtsanwaltskammer, E-Mail: schlichtungsstelle@brak.de.<\/p>\n<p>Honorar<\/p>\n<p>Die gerichtliche Vertretung und die au\u00dfergerichtliche T\u00e4tigkeit werden nach dem Rechtsanwaltsverg\u00fctungsgesetz (RVG) berechnet, dessen Inhalt unter der Rubrik &#8222;Geb\u00fchren und Honorare&#8220; auf der Homepage der Bundesrechtsanwaltskammer erl\u00e4utert wird.<\/p>\n<p>Das Honorar bei der au\u00dfergerichtlichen Beratung der freien Verhandlung zwischen Mandant und Rechtsanwalt. Je nach Art der T\u00e4tigkeit bietet sich ein Zeithonorar, ein Pauschalhonorar oder auch eine andere individuelle Honorierung an.<\/p>\n<p>Das Justizministerium des Landes Nordrhein-Westfalen hat einen sogenannten Kostenrechner mit kurzen Erl\u00e4uterungen zum RVG online zur Verf\u00fcgung gestellt.<\/p>\n<p>Das Justizministerium des Landes Nordrhein-Westfalen hat einen sogenannten Kostenrechner mit kurzen Erl\u00e4uterungen zum RVG online zur Verf\u00fcgung gestellt.<\/p>\n","protected":false},"excerpt":{"rendered":"<p>Verantwortlich: Rechtsanwalt Stefan Nolte, 47055 Duisburg, Im Schlenk 36; Telefon: 0203 77 27 97 \/ Telefax: 0203 77 59 02 Ich bin Mitglied der Rechtsanwaltskammer D\u00fcsseldorf, K\u00f6rperschaft des \u00f6ffentlichen Rechts Freiligrathstra\u00dfe 25 40479 D\u00fcsseldorf. Die gesetzliche Berufsbezeichnung lautet: Rechtsanwalt in der Bundesrepublik Deutschland. Die f\u00fcr mich ma\u00dfgeblichen berufsrechtlichen Regelungen finden Sie unter www.brak.de in der [&hellip;]<\/p>\n","protected":false},"author":1,"featured_media":0,"parent":0,"menu_order":0,"comment_status":"open","ping_status":"open","template":"","meta":{"footnotes":""},"class_list":["post-4","page","type-page","status-publish","hentry"],"aioseo_notices":[],"_links":{"self":[{"href":"https:\/\/www.verkehrsrecht-professionell.de\/index.php?rest_route=\/wp\/v2\/pages\/4","targetHints":{"allow":["GET"]}}],"collection":[{"href":"https:\/\/www.verkehrsrecht-professionell.de\/index.php?rest_route=\/wp\/v2\/pages"}],"about":[{"href":"https:\/\/www.verkehrsrecht-professionell.de\/index.php?rest_route=\/wp\/v2\/types\/page"}],"author":[{"embeddable":true,"href":"https:\/\/www.verkehrsrecht-professionell.de\/index.php?rest_route=\/wp\/v2\/users\/1"}],"replies":[{"embeddable":true,"href":"https:\/\/www.verkehrsrecht-professionell.de\/index.php?rest_route=%2Fwp%2Fv2%2Fcomments&post=4"}],"version-history":[{"count":5,"href":"https:\/\/www.verkehrsrecht-professionell.de\/index.php?rest_route=\/wp\/v2\/pages\/4\/revisions"}],"predecessor-version":[{"id":186,"href":"https:\/\/www.verkehrsrecht-professionell.de\/index.php?rest_route=\/wp\/v2\/pages\/4\/revisions\/186"}],"wp:attachment":[{"href":"https:\/\/www.verkehrsrecht-professionell.de\/index.php?rest_route=%2Fwp%2Fv2%2Fmedia&parent=4"}],"curies":[{"name":"wp","href":"https:\/\/api.w.org\/{rel}","templated":true}]}}