{"id":11,"date":"2007-02-17T18:19:56","date_gmt":"2007-02-17T17:19:56","guid":{"rendered":"http:\/\/www.verkehrsrecht-professionell.de\/?page_id=11"},"modified":"2012-03-12T01:23:13","modified_gmt":"2012-03-11T23:23:13","slug":"stefan-nolte","status":"publish","type":"page","link":"https:\/\/www.verkehrsrecht-professionell.de\/?page_id=11","title":{"rendered":"Stefan Nolte"},"content":{"rendered":"<p><a title=\"sn1.jpg\" href=\"http:\/\/www.verkehrsrecht-professionell.de\/?attachment_id=6\" rel=\"attachment wp-att-6\"><img decoding=\"async\" src=\"http:\/\/verkehrsrecht.wordpress.com\/files\/2007\/02\/sn1.jpg\" alt=\"sn1.jpg\" \/><\/a><\/p>\n<p>Ich wurde am 21.11.1973 in Dinslaken am Niederrhein\u00a0 geboren.<\/p>\n<p>Obwohl ich katholisch erzogen wurde, leitete ich in meiner Jugend eine Jugendgruppe der evangelischen Kirche in Dinslaken. Nach dem Abitur im Jahre 1993 am Otto-Hahn-Gymnasium in Dinslaken leistete ich bis Ende 1994 meinen Zivildienst im Bildungswerk der weltweiten Hilfsorganisation Friedensdorf International in Oberhausen. Dort bin ich seit 1995 Mitglied. Das Studium der Rechtswissenschaft f\u00fchrte mich schlie\u00dflich nach Bonn. W\u00e4hrend meiner Studienzeit war ich in der studentischen Selbstverwaltung des Studentenwerks Bonn t\u00e4tig.<\/p>\n<p>Im Januar 2003 legte ich schlie\u00dflich mein erstes Staatsexamen in D\u00fcsseldorf ab. Seit dem 25.02.2003 darf ich den Titel Diplom-Jurist (Universit\u00e4t Bonn) tragen.<\/p>\n<p>In den Jahren 2003 &#8211; 2005 war ich Rechtsreferendar beim Oberlandesgericht D\u00fcsseldorf mit Stammdienststelle Landgericht Duisburg.<\/p>\n<p>Im September 2005 folgte das zweite Staatsexamen in D\u00fcsseldorf zum Assessor jur.<\/p>\n<p>In den Jahren 2004 und 2005 war ich in der Rechtsanwaltskanzlei Schulte Herbr\u00fcggen t\u00e4tig.<\/p>\n<p>Seit 2006 bin ich nun als Rechtsanwalt in Duisburg in B\u00fcrogemeinschaft mit Rechtsanwalt Kurt Schulte Herbr\u00fcggen selbstst\u00e4ndig t\u00e4tig.<\/p>\n<p>Seit 2009 bin ich als Fachanwalt f\u00fcr Verkehrsrecht bei der Rechtsanwaltskammer D\u00fcsseldorf zugelassen.<\/p>\n<p>Neben meinem Hobby der Aquaristik interessiere ich mich f\u00fcr s\u00e4mtliche Dinge rund um den PC.<\/p>\n<p>Meine Kontaktdaten:<\/p>\n<p>Rechtsanwalt<br \/>\nStefan Nolte<br \/>\nM\u00fcnchener Stra\u00dfe 78<br \/>\n47249 Duisburg-Buchholz<br \/>\nTel. (02 03) 77 27 97<br \/>\nFax: (02 03) 77 59 02<br \/>\n<a href=\"mailto:ksh@recht-professionell.de\">nolte@recht-professionell.de<\/a><\/p>\n","protected":false},"excerpt":{"rendered":"<p>Ich wurde am 21.11.1973 in Dinslaken am Niederrhein\u00a0 geboren. Obwohl ich katholisch erzogen wurde, leitete ich in meiner Jugend eine Jugendgruppe der evangelischen Kirche in Dinslaken. Nach dem Abitur im Jahre 1993 am Otto-Hahn-Gymnasium in Dinslaken leistete ich bis Ende 1994 meinen Zivildienst im Bildungswerk der weltweiten Hilfsorganisation Friedensdorf International in Oberhausen. Dort bin ich [&hellip;]<\/p>\n","protected":false},"author":1,"featured_media":0,"parent":0,"menu_order":0,"comment_status":"open","ping_status":"open","template":"","meta":{"footnotes":""},"class_list":["post-11","page","type-page","status-publish","hentry"],"aioseo_notices":[],"_links":{"self":[{"href":"https:\/\/www.verkehrsrecht-professionell.de\/index.php?rest_route=\/wp\/v2\/pages\/11","targetHints":{"allow":["GET"]}}],"collection":[{"href":"https:\/\/www.verkehrsrecht-professionell.de\/index.php?rest_route=\/wp\/v2\/pages"}],"about":[{"href":"https:\/\/www.verkehrsrecht-professionell.de\/index.php?rest_route=\/wp\/v2\/types\/page"}],"author":[{"embeddable":true,"href":"https:\/\/www.verkehrsrecht-professionell.de\/index.php?rest_route=\/wp\/v2\/users\/1"}],"replies":[{"embeddable":true,"href":"https:\/\/www.verkehrsrecht-professionell.de\/index.php?rest_route=%2Fwp%2Fv2%2Fcomments&post=11"}],"version-history":[{"count":6,"href":"https:\/\/www.verkehrsrecht-professionell.de\/index.php?rest_route=\/wp\/v2\/pages\/11\/revisions"}],"predecessor-version":[{"id":79,"href":"https:\/\/www.verkehrsrecht-professionell.de\/index.php?rest_route=\/wp\/v2\/pages\/11\/revisions\/79"}],"wp:attachment":[{"href":"https:\/\/www.verkehrsrecht-professionell.de\/index.php?rest_route=%2Fwp%2Fv2%2Fmedia&parent=11"}],"curies":[{"name":"wp","href":"https:\/\/api.w.org\/{rel}","templated":true}]}}